{"id":165,"date":"2023-07-19T13:34:42","date_gmt":"2023-07-19T13:34:42","guid":{"rendered":"https:\/\/orthoviva.at\/?page_id=165"},"modified":"2023-07-22T11:42:04","modified_gmt":"2023-07-22T11:42:04","slug":"dr-marius-vickery","status":"publish","type":"page","link":"https:\/\/orthoviva.at\/index.php\/dr-marius-vickery\/","title":{"rendered":"Dr. Marius Vickery"},"content":{"rendered":"<p>[et_pb_section fb_built=&#8220;1&#8243; _builder_version=&#8220;4.21.0&#8243; _module_preset=&#8220;default&#8220; background_image=&#8220;https:\/\/orthoviva.at\/wp-content\/uploads\/2023\/07\/747abd_063c156b45274ed493bfe95c00783300mv2.webp&#8220; custom_padding=&#8220;219px||230px|||&#8220; global_colors_info=&#8220;{}&#8220;][et_pb_row _builder_version=&#8220;4.21.0&#8243; _module_preset=&#8220;default&#8220; global_colors_info=&#8220;{}&#8220;][et_pb_column type=&#8220;4_4&#8243; _builder_version=&#8220;4.21.0&#8243; _module_preset=&#8220;default&#8220; global_colors_info=&#8220;{}&#8220;][\/et_pb_column][\/et_pb_row][\/et_pb_section][et_pb_section fb_built=&#8220;1&#8243; _builder_version=&#8220;4.21.0&#8243; _module_preset=&#8220;default&#8220; background_color=&#8220;gcid-e92cfdbf-f31b-4389-b7c0-8b07bff8cb4f&#8220; global_colors_info=&#8220;{%22gcid-e92cfdbf-f31b-4389-b7c0-8b07bff8cb4f%22:%91%22background_color%22%93}&#8220;][et_pb_row column_structure=&#8220;1_2,1_2&#8243; _builder_version=&#8220;4.21.0&#8243; _module_preset=&#8220;default&#8220; global_colors_info=&#8220;{}&#8220;][et_pb_column type=&#8220;1_2&#8243; _builder_version=&#8220;4.21.0&#8243; _module_preset=&#8220;default&#8220; global_colors_info=&#8220;{}&#8220;][et_pb_image src=&#8220;https:\/\/orthoviva.at\/wp-content\/uploads\/2023\/07\/DSC_0148.webp&#8220; title_text=&#8220;DSC_0148&#8243; _builder_version=&#8220;4.21.0&#8243; _module_preset=&#8220;default&#8220; border_radii=&#8220;on|10px|10px|10px|10px&#8220; global_colors_info=&#8220;{}&#8220;][\/et_pb_image][\/et_pb_column][et_pb_column type=&#8220;1_2&#8243; _builder_version=&#8220;4.21.0&#8243; _module_preset=&#8220;default&#8220; global_colors_info=&#8220;{}&#8220;][et_pb_text _builder_version=&#8220;4.21.0&#8243; _module_preset=&#8220;default&#8220; text_text_color=&#8220;#FFFFFF&#8220; header_text_color=&#8220;#FFFFFF&#8220; global_colors_info=&#8220;{}&#8220;]<\/p>\n<div id=\"comp-k8sl2o3l1\" class=\"BaOVQ8 tz5f0K comp-k8sl2o3l1\" data-testid=\"richTextElement\">\n<h1 class=\"font_2\"><span>Dr. Marius Vickery<\/span><\/h1>\n<\/div>\n<div id=\"comp-k8sl2o3o1\" class=\"BaOVQ8 tz5f0K comp-k8sl2o3o1\" data-testid=\"richTextElement\">\n<p>Dr. med. dent. Marius Vickery absolvierte sein Zahnmedizinstudium in Innsbruck. Nebenbei arbeitete er viele Stunden in der Praxis Dr. Thomas Vickery mit und gewann so an Erfahrung. Seit 2020 ist er fixer Partner in der Praxisgemeinschaft ORTHOVIVA. Derzeit absolviert er seinen \u201eMaster of Orthodontics\u201c (Master f\u00fcr Kieferorthop\u00e4die). Sein Spezialgebiet liegt in der Alignertherapie. Den Kassenvertrag f\u00fcr Gratiszahnspangen teilt er sich seit J\u00e4nner 2023 mit Dr. Thomas Vickery.<\/p>\n<p>Dr. Vickery ist Mitglied bei<\/p>\n<ul>\n<li>Verein Tiroler Zahn\u00e4rzte<\/li>\n<li>Zahn\u00e4rztekammer f\u00fcr Tirol<\/li>\n<li>VOEK, Verband \u00d6sterreichischer Kieferorthop\u00e4den<\/li>\n<li>Qualit\u00e4tskreis \u201eWilder Kaiser\u201c<\/li>\n<li>Mitglied des Qualit\u00e4tskreises \u201cKFO Unterland\u201c<\/li>\n<li>Mitglied des Qualit\u00e4tszirkels \u201emy ortho\u201c<\/li>\n<li>\u00d6ZK Fortbildungsdiplom f\u00fcr Kieferorthop\u00e4die<\/li>\n<\/ul>\n<p class=\"font_8\">European Master of Aligners (EUMAA)<\/p>\n<\/div>\n<p>[\/et_pb_text][et_pb_button button_text=&#8220;Termin vereinbaren&#8220; _builder_version=&#8220;4.21.0&#8243; _module_preset=&#8220;default&#8220; custom_button=&#8220;on&#8220; button_text_color=&#8220;gcid-e92cfdbf-f31b-4389-b7c0-8b07bff8cb4f&#8220; button_bg_color=&#8220;#FFFFFF&#8220; button_border_width=&#8220;0px&#8220; button_border_radius=&#8220;10px&#8220; hover_enabled=&#8220;0&#8243; global_colors_info=&#8220;{%22gcid-e92cfdbf-f31b-4389-b7c0-8b07bff8cb4f%22:%91%22button_text_color%22%93}&#8220; sticky_enabled=&#8220;0&#8243;][\/et_pb_button][\/et_pb_column][\/et_pb_row][\/et_pb_section]<\/p>\n","protected":false},"excerpt":{"rendered":"<p>Dr. Marius Vickery Dr. med. dent. Marius Vickery absolvierte sein Zahnmedizinstudium in Innsbruck. Nebenbei arbeitete er viele Stunden in der Praxis Dr. Thomas Vickery mit und gewann so an Erfahrung. Seit 2020 ist er fixer Partner in der Praxisgemeinschaft ORTHOVIVA. Derzeit absolviert er seinen \u201eMaster of Orthodontics\u201c (Master f\u00fcr Kieferorthop\u00e4die). Sein Spezialgebiet liegt in der [&hellip;]<\/p>\n","protected":false},"author":3,"featured_media":0,"parent":0,"menu_order":0,"comment_status":"closed","ping_status":"closed","template":"","meta":{"_et_pb_use_builder":"on","_et_pb_old_content":"","_et_gb_content_width":"","footnotes":""},"class_list":["post-165","page","type-page","status-publish","hentry"],"aioseo_notices":[],"_links":{"self":[{"href":"https:\/\/orthoviva.at\/index.php\/wp-json\/wp\/v2\/pages\/165","targetHints":{"allow":["GET"]}}],"collection":[{"href":"https:\/\/orthoviva.at\/index.php\/wp-json\/wp\/v2\/pages"}],"about":[{"href":"https:\/\/orthoviva.at\/index.php\/wp-json\/wp\/v2\/types\/page"}],"author":[{"embeddable":true,"href":"https:\/\/orthoviva.at\/index.php\/wp-json\/wp\/v2\/users\/3"}],"replies":[{"embeddable":true,"href":"https:\/\/orthoviva.at\/index.php\/wp-json\/wp\/v2\/comments?post=165"}],"version-history":[{"count":5,"href":"https:\/\/orthoviva.at\/index.php\/wp-json\/wp\/v2\/pages\/165\/revisions"}],"predecessor-version":[{"id":257,"href":"https:\/\/orthoviva.at\/index.php\/wp-json\/wp\/v2\/pages\/165\/revisions\/257"}],"wp:attachment":[{"href":"https:\/\/orthoviva.at\/index.php\/wp-json\/wp\/v2\/media?parent=165"}],"curies":[{"name":"wp","href":"https:\/\/api.w.org\/{rel}","templated":true}]}}