{"id":128,"date":"2023-07-19T08:14:47","date_gmt":"2023-07-19T08:14:47","guid":{"rendered":"https:\/\/orthoviva.at\/?page_id=128"},"modified":"2023-07-19T08:53:53","modified_gmt":"2023-07-19T08:53:53","slug":"notfall","status":"publish","type":"page","link":"https:\/\/orthoviva.at\/index.php\/notfall\/","title":{"rendered":"Notfall"},"content":{"rendered":"<p>[et_pb_section fb_built=&#8220;1&#8243; _builder_version=&#8220;4.21.0&#8243; _module_preset=&#8220;default&#8220; global_colors_info=&#8220;{}&#8220;][et_pb_row column_structure=&#8220;1_2,1_2&#8243; _builder_version=&#8220;4.21.0&#8243; _module_preset=&#8220;default&#8220; global_colors_info=&#8220;{}&#8220;][et_pb_column type=&#8220;1_2&#8243; _builder_version=&#8220;4.21.0&#8243; _module_preset=&#8220;default&#8220; global_colors_info=&#8220;{}&#8220;][et_pb_text _builder_version=&#8220;4.21.0&#8243; _module_preset=&#8220;default&#8220; header_2_font=&#8220;ABeeZee|700|||||||&#8220; global_colors_info=&#8220;{%22gcid-e92cfdbf-f31b-4389-b7c0-8b07bff8cb4f%22:%91%22header_2_text_color%22%93}&#8220; header_2_text_color=&#8220;gcid-e92cfdbf-f31b-4389-b7c0-8b07bff8cb4f&#8220; header_2_text_align=&#8220;center&#8220; hover_enabled=&#8220;0&#8243; sticky_enabled=&#8220;0&#8243;]<\/p>\n<h2>festsitzenden Zahnspange<\/h2>\n<p>[\/et_pb_text][et_pb_accordion open_toggle_text_color=&#8220;#FFFFFF&#8220; open_toggle_background_color=&#8220;gcid-e92cfdbf-f31b-4389-b7c0-8b07bff8cb4f&#8220; closed_toggle_text_color=&#8220;#FFFFFF&#8220; closed_toggle_background_color=&#8220;gcid-e92cfdbf-f31b-4389-b7c0-8b07bff8cb4f&#8220; icon_color=&#8220;#FFFFFF&#8220; _builder_version=&#8220;4.21.0&#8243; _module_preset=&#8220;default&#8220; toggle_text_color=&#8220;#FFFFFF&#8220; body_text_color=&#8220;#FFFFFF&#8220; hover_enabled=&#8220;0&#8243; border_radii=&#8220;on|20px|20px|20px|20px&#8220; border_width_all=&#8220;0px&#8220; global_colors_info=&#8220;{%22gcid-e92cfdbf-f31b-4389-b7c0-8b07bff8cb4f%22:%91%22open_toggle_background_color%22,%22closed_toggle_background_color%22%93}&#8220; sticky_enabled=&#8220;0&#8243;][et_pb_accordion_item title=&#8220;Ein Bracket oder ein Band hat sich gel\u00f6st. Sie haben keine Schmerzen oder Druckstellen&#8220; open_toggle_text_color=&#8220;#FFFFFF&#8220; open_toggle_background_color=&#8220;gcid-e92cfdbf-f31b-4389-b7c0-8b07bff8cb4f&#8220; closed_toggle_background_color=&#8220;gcid-e92cfdbf-f31b-4389-b7c0-8b07bff8cb4f&#8220; _builder_version=&#8220;4.21.0&#8243; _module_preset=&#8220;default&#8220; body_text_color=&#8220;#FFFFFF&#8220; hover_enabled=&#8220;0&#8243; border_radii=&#8220;on|20px|20px|20px|20px&#8220; global_colors_info=&#8220;{%22gcid-e92cfdbf-f31b-4389-b7c0-8b07bff8cb4f%22:%91%22open_toggle_background_color%22,%22closed_toggle_background_color%22%93}&#8220; toggle_text_color=&#8220;#FFFFFF&#8220; open=&#8220;on&#8220; sticky_enabled=&#8220;0&#8243;]<\/p>\n<p class=\"et_pb_toggle_title\" style=\"color:white;\"><span style=\"font-size: 16px;\">Hat sich ein Bracket oder Band (Metallring) gel\u00f6st und h\u00e4ngt noch am Bogen, bitte alles so belassen wie es ist. Vereinbaren Sie einen Termin zur Wiederbefestigung! Hat sich ein Bracket oder Band (Metallring) ganz gel\u00f6st und es hat keine Verbindung mehr zum Behandlungsbogen, so sollte dieses Teil vorsichtig entfernt werden. Bewahren sie es bitte auf und bringen Sie es zum n\u00e4chsten Termin mit. Vereinbaren Sie einen Termin zur Wiederbefestigung.<\/span><\/p>\n<p>[\/et_pb_accordion_item][et_pb_accordion_item title=&#8220;Gel\u00f6ster Bogen&#8220; open=&#8220;off&#8220; _builder_version=&#8220;4.21.0&#8243; _module_preset=&#8220;default&#8220; global_colors_info=&#8220;{}&#8220;]<\/p>\n<div class=\"et_pb_toggle_content clearfix\">\n<p><span>Versuchen Sie, den Bogen wieder in das Bracket oder Band einzusetzen, z.B. mit Hilfe einer Pinzette. Bei Reibung kann mit etwas Wachs die st\u00f6rende Stelle abgedeckt werden. Zus\u00e4tzlich: Vereinbaren Sie einen Termin.<\/span><\/p>\n<\/div>\n<p>[\/et_pb_accordion_item][et_pb_accordion_item title=&#8220;St\u00f6rendes Bogenende&#8220; _builder_version=&#8220;4.21.0&#8243; _module_preset=&#8220;default&#8220; global_colors_info=&#8220;{}&#8220; open=&#8220;off&#8220;]<\/p>\n<div class=\"et_pb_toggle_content clearfix\">\n<p><span>Falls m\u00f6glich, kann das Bogenende z.B. mit einem Finger oder einem L\u00f6ffelstiel vorsichtig umgebogen oder angedr\u00fcckt werden. Sollte dies nicht m\u00f6glich sein, hilft h\u00e4ufig Wachs, das Sie von uns erhalten haben. Wenn Ihnen kein Wachs mehr zur Verf\u00fcgung steht, kann vor\u00fcbergehend auch zuckerfreies Kaugummi zum Abdecken benutzt werden. Vereinbaren Sie einen Termin zur Reparatur!<\/span><\/p>\n<\/div>\n<p>[\/et_pb_accordion_item][et_pb_accordion_item title=&#8220;Gummiringe (Ligaturen) haben sich von der festsitzenden Spange gel\u00f6st.&#8220; _builder_version=&#8220;4.21.0&#8243; _module_preset=&#8220;default&#8220; global_colors_info=&#8220;{}&#8220; open=&#8220;off&#8220;]<\/p>\n<div class=\"et_pb_toggle_content clearfix\">\n<p><span>Teilen Sie dies uns bitte beim n\u00e4chsten Termin mit.<\/span><\/p>\n<\/div>\n<p>[\/et_pb_accordion_item][et_pb_accordion_item title=&#8220;Eine Behandlungskette aus Gummi ist gerissen&#8220; _builder_version=&#8220;4.21.0&#8243; _module_preset=&#8220;default&#8220; global_colors_info=&#8220;{}&#8220; open=&#8220;off&#8220;]<\/p>\n<div class=\"et_pb_toggle_content clearfix\">\n<p><span>Teilen Sie dies uns bitte beim n\u00e4chsten Termin mit.<\/span><\/p>\n<\/div>\n<p>[\/et_pb_accordion_item][et_pb_accordion_item title=&#8220;Schmerzen&#8220; _builder_version=&#8220;4.21.0&#8243; _module_preset=&#8220;default&#8220; global_colors_info=&#8220;{}&#8220; open=&#8220;off&#8220;]<\/p>\n<div class=\"et_pb_toggle_content clearfix\">\n<p><span>Wurde die festsitzende Zahnspange neu eingesetzt, k\u00f6nnen vor\u00fcbergehend Schmerzen auftreten. Diese verschwinden in der Regel nach einigen Tagen. Tritt selbst nach 2-3 Tagen keine Besserung ein, vereinbaren Sie einen Termin unter Hinweis Ihrer Schmerzen.<\/span><\/p>\n<\/div>\n<p>[\/et_pb_accordion_item][et_pb_accordion_item title=&#8220;Wunde Stellen&#8220; _builder_version=&#8220;4.21.0&#8243; _module_preset=&#8220;default&#8220; global_colors_info=&#8220;{}&#8220; open=&#8220;off&#8220;]<\/p>\n<div class=\"et_pb_toggle_content clearfix\">\n<p><span>Bei wunden Stellen kann z. B. mit Kamillosan gesp\u00fclt werden. Tritt keine Besserung ein, vereinbaren Sie einen Termin.<\/span><\/p>\n<\/div>\n<p>[\/et_pb_accordion_item][et_pb_accordion_item title=&#8220;Zahnfleischentz\u00fcndungen&#8220; _builder_version=&#8220;4.21.0&#8243; _module_preset=&#8220;default&#8220; global_colors_info=&#8220;{}&#8220; open=&#8220;off&#8220;]<\/p>\n<div class=\"et_pb_toggle_content clearfix\">\n<p><span>Zahnfleischentz\u00fcndungen haben ihre Ursache meist in ungen\u00fcgender Mund- und Zahnpflege. Pflegen Sie die Z\u00e4hne einschlie\u00dflich Zahnfleisch nach jedem Essen gem\u00e4\u00df unserer Empfehlung. Tritt keine Besserung ein, vereinbaren Sie einen Kontrolltermin bei uns oder Ihrem Zahnarzt.<\/span><\/p>\n<\/div>\n<p>[\/et_pb_accordion_item][et_pb_accordion_item title=&#8220;Ein Haken zum einh\u00e4ngen von Gummiz\u00fcgen hat sich gel\u00f6st&#8220; _builder_version=&#8220;4.21.0&#8243; _module_preset=&#8220;default&#8220; global_colors_info=&#8220;{}&#8220; open=&#8220;off&#8220;]<\/p>\n<div class=\"et_pb_toggle_content clearfix\">\n<p><span>Vereinbaren Sie einen Termin zur Wiederbefestigung.<\/span><\/p>\n<\/div>\n<p>[\/et_pb_accordion_item][\/et_pb_accordion][\/et_pb_column][et_pb_column type=&#8220;1_2&#8243; _builder_version=&#8220;4.21.0&#8243; _module_preset=&#8220;default&#8220; global_colors_info=&#8220;{}&#8220;][et_pb_text _builder_version=&#8220;4.21.0&#8243; _module_preset=&#8220;default&#8220; header_2_font=&#8220;ABeeZee|700|||||||&#8220; global_colors_info=&#8220;{%22gcid-e92cfdbf-f31b-4389-b7c0-8b07bff8cb4f%22:%91%22header_2_text_color%22%93}&#8220; header_2_text_color=&#8220;gcid-e92cfdbf-f31b-4389-b7c0-8b07bff8cb4f&#8220; header_2_text_align=&#8220;center&#8220; hover_enabled=&#8220;0&#8243; sticky_enabled=&#8220;0&#8243;]<\/p>\n<h2>herausnehmbare Zahnspange<\/h2>\n<p>[\/et_pb_text][et_pb_accordion _builder_version=&#8220;4.21.0&#8243; _module_preset=&#8220;default&#8220; global_colors_info=&#8220;{%22gcid-e92cfdbf-f31b-4389-b7c0-8b07bff8cb4f%22:%91%22open_toggle_background_color%22,%22closed_toggle_background_color%22%93}&#8220; open_toggle_background_color=&#8220;gcid-e92cfdbf-f31b-4389-b7c0-8b07bff8cb4f&#8220; closed_toggle_background_color=&#8220;gcid-e92cfdbf-f31b-4389-b7c0-8b07bff8cb4f&#8220; icon_color=&#8220;#FFFFFF&#8220; closed_toggle_text_color=&#8220;#FFFFFF&#8220; body_text_color=&#8220;#FFFFFF&#8220; border_radii=&#8220;on|20px|20px|20px|20px&#8220; border_width_all=&#8220;0px&#8220; hover_enabled=&#8220;0&#8243; sticky_enabled=&#8220;0&#8243; open_toggle_text_color=&#8220;#FFFFFF&#8220; toggle_text_color=&#8220;#FFFFFF&#8220;][et_pb_accordion_item title=&#8220;Herausnehmbare Zahnspange st\u00f6rt&#8220; _builder_version=&#8220;4.21.0&#8243; _module_preset=&#8220;default&#8220; open=&#8220;on&#8220; hover_enabled=&#8220;0&#8243; sticky_enabled=&#8220;0&#8243;]<\/p>\n<div class=\"et_pb_toggle_content clearfix\">\n<p><span>Sollte die Zahnspange am Zahnfleisch dr\u00fccken oder st\u00f6ren, vereinbaren Sie einen Termin.<\/span><\/p>\n<\/div>\n<p>[\/et_pb_accordion_item][et_pb_accordion_item title=&#8220;Kunststoffbasis oder Draht der herausnehmbaren Zahnspange ist gebrochen&#8220; _builder_version=&#8220;4.21.0&#8243; _module_preset=&#8220;default&#8220; open=&#8220;off&#8220; hover_enabled=&#8220;0&#8243; sticky_enabled=&#8220;0&#8243;]<\/p>\n<div class=\"et_pb_toggle_content clearfix\">\n<p><span>Eine besch\u00e4digte herausnehmbare Spange kann in vielen F\u00e4llen repariert werden. Teilweise ist eine Neuanfertigung erforderlich. Vereinbaren sie einen Termin.<\/span><\/p>\n<\/div>\n<p>[\/et_pb_accordion_item][et_pb_accordion_item title=&#8220;Die Spange passt nicht mehr oder ist verloren gegangen&#8220; _builder_version=&#8220;4.21.0&#8243; _module_preset=&#8220;default&#8220;]<\/p>\n<div class=\"et_pb_toggle_content clearfix\">\n<p><span>Achtung es besteht R\u00fcckfallgefahr des erreichten Behandlungsergebnisses. Bitte sofort einen Termin vereinbaren<\/span><\/p>\n<\/div>\n<p>[\/et_pb_accordion_item][et_pb_accordion_item title=&#8220;Hinweis f\u00fcr die herausnehmbare Zahnspange&#8220; _builder_version=&#8220;4.21.0&#8243; _module_preset=&#8220;default&#8220; hover_enabled=&#8220;0&#8243; sticky_enabled=&#8220;0&#8243;]<\/p>\n<div class=\"et_pb_toggle_content clearfix\">\n<p><span>Passt die herausnehmbare Zahnspange noch und entstehen durch das Tragen keine Druckstellen, sollte diese unbedingt bis zum Termin weiter getragen werden! Scharfe Kanten am Kunststoff k\u00f6nnen vor\u00fcbergehend mit Hilfe einer Nagelfeile selbst gegl\u00e4ttet werden.<\/span><\/p>\n<\/div>\n<p>[\/et_pb_accordion_item][\/et_pb_accordion][\/et_pb_column][\/et_pb_row][et_pb_row _builder_version=&#8220;4.21.0&#8243; _module_preset=&#8220;default&#8220;][et_pb_column _builder_version=&#8220;4.21.0&#8243; _module_preset=&#8220;default&#8220; type=&#8220;4_4&#8243;][et_pb_button button_text=&#8220;Termin vereinbaren&#8220; _builder_version=&#8220;4.21.0&#8243; _module_preset=&#8220;default&#8220; custom_button=&#8220;on&#8220; button_text_color=&#8220;#FFFFFF&#8220; global_colors_info=&#8220;{%22gcid-e92cfdbf-f31b-4389-b7c0-8b07bff8cb4f%22:%91%22button_bg_color%22%93}&#8220; button_bg_color=&#8220;gcid-e92cfdbf-f31b-4389-b7c0-8b07bff8cb4f&#8220; button_bg_enable_color=&#8220;on&#8220; button_url=&#8220;@ET-DC@eyJkeW5hbWljIjp0cnVlLCJjb250ZW50IjoicG9zdF9saW5rX3VybF9wYWdlIiwic2V0dGluZ3MiOnsicG9zdF9pZCI6IjM0In19@&#8220; _dynamic_attributes=&#8220;button_url&#8220; button_alignment=&#8220;center&#8220; hover_enabled=&#8220;0&#8243; sticky_enabled=&#8220;0&#8243;][\/et_pb_button][\/et_pb_column][\/et_pb_row][\/et_pb_section]<\/p>\n","protected":false},"excerpt":{"rendered":"<p>festsitzenden ZahnspangeHat sich ein Bracket oder Band (Metallring) gel\u00f6st und h\u00e4ngt noch am Bogen, bitte alles so belassen wie es ist. Vereinbaren Sie einen Termin zur Wiederbefestigung! Hat sich ein Bracket oder Band (Metallring) ganz gel\u00f6st und es hat keine Verbindung mehr zum Behandlungsbogen, so sollte dieses Teil vorsichtig entfernt werden. Bewahren sie es bitte [&hellip;]<\/p>\n","protected":false},"author":3,"featured_media":0,"parent":0,"menu_order":0,"comment_status":"closed","ping_status":"closed","template":"","meta":{"_et_pb_use_builder":"on","_et_pb_old_content":"","_et_gb_content_width":"","footnotes":""},"class_list":["post-128","page","type-page","status-publish","hentry"],"aioseo_notices":[],"_links":{"self":[{"href":"https:\/\/orthoviva.at\/index.php\/wp-json\/wp\/v2\/pages\/128","targetHints":{"allow":["GET"]}}],"collection":[{"href":"https:\/\/orthoviva.at\/index.php\/wp-json\/wp\/v2\/pages"}],"about":[{"href":"https:\/\/orthoviva.at\/index.php\/wp-json\/wp\/v2\/types\/page"}],"author":[{"embeddable":true,"href":"https:\/\/orthoviva.at\/index.php\/wp-json\/wp\/v2\/users\/3"}],"replies":[{"embeddable":true,"href":"https:\/\/orthoviva.at\/index.php\/wp-json\/wp\/v2\/comments?post=128"}],"version-history":[{"count":3,"href":"https:\/\/orthoviva.at\/index.php\/wp-json\/wp\/v2\/pages\/128\/revisions"}],"predecessor-version":[{"id":133,"href":"https:\/\/orthoviva.at\/index.php\/wp-json\/wp\/v2\/pages\/128\/revisions\/133"}],"wp:attachment":[{"href":"https:\/\/orthoviva.at\/index.php\/wp-json\/wp\/v2\/media?parent=128"}],"curies":[{"name":"wp","href":"https:\/\/api.w.org\/{rel}","templated":true}]}}